{"id":607,"date":"2022-06-15T10:18:17","date_gmt":"2022-06-15T10:18:17","guid":{"rendered":"https:\/\/demo.creativethemes.com\/stagingfour\/?page_id=607"},"modified":"2024-01-21T14:04:42","modified_gmt":"2024-01-21T20:04:42","slug":"about","status":"publish","type":"page","link":"https:\/\/ventequim.com\/index.php\/about\/","title":{"rendered":"Nosotros"},"content":{"rendered":"\n<div class=\"wp-block-stackable-columns alignfull stk-block-columns stk-block stk-6342bc9 stk-block-background stk--has-background-overlay\" data-block-id=\"6342bc9\"><style>.stk-6342bc9{background-color:linear-gradient(180deg,#ffffff 50%,var(--theme-palette-color-4,#102136) 50%) !important;margin-bottom:0px !important}.stk-6342bc9:before{background-image:linear-gradient(180deg,#ffffff 50%,var(--theme-palette-color-4,#102136) 50%) !important}<\/style><div class=\"stk-row stk-inner-blocks stk-block-content stk-content-align stk-6342bc9-column\">\n<div class=\"wp-block-stackable-column stk-block-column stk-column stk-block stk-ab0b9d7 stk-block-background stk--has-background-overlay\" data-v=\"4\" data-block-id=\"ab0b9d7\"><style>.stk-ab0b9d7-container{margin-top:0px !important;margin-right:0px !important;margin-bottom:0px !important;margin-left:0px !important}.stk-ab0b9d7{background-image:url(http:\/\/ventequim.com\/wp-content\/uploads\/2024\/01\/pexels-pat-whelen-5615439-scaled.jpg) !important;background-position:top center !important;border-top-left-radius:10px !important;border-top-right-radius:10px !important;border-bottom-right-radius:10px !important;border-bottom-left-radius:10px !important;overflow:hidden !important;padding-top:100px !important;padding-right:300px !important;padding-bottom:100px !important;padding-left:300px !important}.stk-ab0b9d7:before{background-color:#000000 !important;opacity:0.4 !important}@media screen and (max-width:1023px){.stk-ab0b9d7{padding-top:80px !important;padding-right:150px !important;padding-bottom:80px !important;padding-left:150px !important}}@media screen and (max-width:767px){.stk-ab0b9d7{padding-top:60px !important;padding-right:50px !important;padding-bottom:60px !important;padding-left:50px !important}}<\/style><div class=\"stk-column-wrapper stk-block-column__content stk-container stk-ab0b9d7-container stk--no-background stk--no-padding\"><div class=\"has-text-align-center stk-block-content stk-inner-blocks stk-ab0b9d7-inner-blocks\">\n<div class=\"wp-block-stackable-heading stk-block-heading stk-block-heading--v2 stk-block stk-9318c14\" id=\"quienes-somos\" data-block-id=\"9318c14\"><style>.stk-9318c14{margin-bottom:10px !important}.stk-9318c14 .stk-block-heading__text{color:var(--theme-palette-color-8,#ffffff) !important;font-weight:800 !important;font-family:\"Hedvig Letters Sans\",Sans-serif !important}@media screen and (max-width:767px){.stk-9318c14 .stk-block-heading__text{font-size:25px !important}}<\/style><h1 class=\"stk-block-heading__text has-text-color stk-block-heading--use-theme-margins\">\u00bfQui\u00e9nes somos?<\/h1><\/div>\n\n\n\n<p style=\"font-size:clamp(14px, 0.875rem + ((1vw - 3.2px) * 0.234), 17px);\"><span style=\"color: #ffffff;\" class=\"stk-highlight\">Somos una empresa que distribuye productos qu\u00edmicos de alta calidad y confianza para diversos sectores como el cosm\u00e9tico, alimenticio, agroqu\u00edmico e industrial.<\/span><\/p>\n\n\n\n<p style=\"font-size:clamp(14px, 0.875rem + ((1vw - 3.2px) * 0.234), 17px);\"><span style=\"color: #ffffff;\" class=\"stk-highlight\">Ofrecemos soluciones personalizadas y eficientes a las necesidades de nuestros clientes, con un servicio \u00e1gil, profesional y responsable.<\/span><\/p>\n<\/div><\/div><\/div>\n<\/div><\/div>\n\n\n\n<div class=\"wp-block-stackable-columns alignfull stk-block-columns stk-has-bottom-separator stk-block stk-fa6416e stk-block-background\" data-block-id=\"fa6416e\"><style>.stk-fa6416e{background-color:var(--theme-palette-color-4,#AEC1FF) !important;margin-bottom:0px !important}.stk-fa6416e:before{background-color:var(--theme-palette-color-4,#AEC1FF) !important}<\/style><div class=\"stk-row stk-inner-blocks stk-block-content stk-content-align stk-fa6416e-column\">\n<div class=\"wp-block-stackable-column stk-block-column stk-column stk-block stk-788e9bb\" data-v=\"4\" data-block-id=\"788e9bb\"><div class=\"stk-column-wrapper stk-block-column__content stk-container stk-788e9bb-container stk--no-background stk--no-padding\"><div class=\"stk-block-content stk-inner-blocks stk-788e9bb-inner-blocks\">\n<div class=\"wp-block-stackable-heading stk-block-heading stk-block-heading--v2 stk-block stk-3176f35\" id=\"vision\" data-block-id=\"3176f35\"><style>.stk-3176f35 .stk-block-heading__text{color:#001a71 !important;font-family:\"Hedvig Letters Sans\",Sans-serif !important}<\/style><h1 class=\"stk-block-heading__text has-text-color has-text-align-center\">Visi\u00f3n<\/h1><\/div>\n\n\n\n<div class=\"wp-block-stackable-text stk-block-text stk-block stk-9164d41\" data-block-id=\"9164d41\"><style>.stk-9164d41 .stk-block-text__text{font-size:17px !important;color:#001a71 !important}.stk-9164d41{column-count:1 !important}@media screen and (max-width:1023px){.stk-9164d41 .stk-block-text__text{font-size:17px !important}}<\/style><p class=\"stk-block-text__text has-text-color has-text-align-center\">Ser una empresa l\u00edder y referente en la distribuci\u00f3n de productos qu\u00edmicos en el \u00e1mbito nacional e internacional, con una amplia cartera de clientes satisfechos. <\/p><\/div>\n\n\n\n<div class=\"wp-block-stackable-text stk-block-text stk-block stk-7d624bf\" data-block-id=\"7d624bf\"><style>.stk-7d624bf .stk-block-text__text{font-size:17px !important;color:#001a71 !important}.stk-7d624bf{column-count:1 !important}@media screen and (max-width:1023px){.stk-7d624bf .stk-block-text__text{font-size:17px !important}}<\/style><p class=\"stk-block-text__text has-text-color has-text-align-center\">Desarrollar nuevos productos y servicios que aporten valor a\u00f1adido y soluciones innovadoras a los sectores que atendemos. <\/p><\/div>\n\n\n\n<div class=\"wp-block-stackable-text stk-block-text stk-block stk-dca8f4d\" data-block-id=\"dca8f4d\"><style>.stk-dca8f4d .stk-block-text__text{font-size:17px !important;color:#001a71 !important}.stk-dca8f4d{column-count:1 !important}@media screen and (max-width:1023px){.stk-dca8f4d .stk-block-text__text{font-size:17px !important}}<\/style><p class=\"stk-block-text__text has-text-color has-text-align-center\">Contribuir al desarrollo sostenible y al cuidado del medio ambiente con pr\u00e1cticas responsables y ecol\u00f3gicas.<\/p><\/div>\n<\/div><\/div><\/div>\n<\/div><div class=\"stk-separator stk-separator__bottom\"><div class=\"stk-separator__wrapper\"><svg xmlns=\"http:\/\/www.w3.org\/2000\/svg\" viewBox=\"0 0 1600 200\" class=\"stk-separator__layer-1\" preserveAspectRatio=\"none\" aria-hidden=\"true\"><path class=\"wave-2_svg__st2\" d=\"M1432.2 67.4c-88.8-16.7-156-5.3-204 8.5s-147.1 62.2-223.1 73.9c-75.4 11.6-164-7.5-275-27.9S571 88.1 456 98.1c-119.7 10.4-224.7 52-294.4 73-94.5 28.5-171.6-3-171.6-3V210h1620V91.6c-53 10-86.8-7.1-177.8-24.2z\"><\/path><\/svg><\/div><\/div><\/div>\n\n\n\n<hr class=\"wp-block-separator has-alpha-channel-opacity\"\/>\n\n\n\n<div class=\"wp-block-stackable-columns stk-block-columns stk-block stk-e84acda\" data-block-id=\"e84acda\"><style>.stk-e84acda .stk--block-align-e84acda{align-items:center !important}.stk-e84acda{margin-bottom:0px !important}.stk-e84acda-column{--stk-column-gap:50px !important;row-gap:50px !important}@media screen and (max-width:1023px){.stk-e84acda-column{--stk-column-gap:30px !important}}<\/style><div class=\"stk-row stk-inner-blocks stk--block-align-e84acda stk-block-content stk-content-align stk-e84acda-column\">\n<div class=\"wp-block-stackable-column stk-block-column stk-column stk-block stk-cfe225c\" data-v=\"4\" data-block-id=\"cfe225c\"><style>.stk-cfe225c-container{margin-top:0px !important;margin-right:0px !important;margin-bottom:0px !important;margin-left:0px !important}@media screen and (min-width:768px){.stk-cfe225c{flex:1 1 calc(45% - var(--stk-column-gap,0px) * 1 \/ 2 ) !important}}@media screen and (min-width:768px) and (max-width:1023px){.stk-cfe225c{flex:0 1 calc(40% - var(--stk-column-gap,0px) * 1 \/ 2 ) !important}}<\/style><div class=\"stk-column-wrapper stk-block-column__content stk-container stk-cfe225c-container stk--no-background stk--no-padding\"><div class=\"stk-block-content stk-inner-blocks stk-cfe225c-inner-blocks\">\n<div class=\"wp-block-stackable-image stk-block-image stk-block stk-6c5aab5\" data-block-id=\"6c5aab5\"><style>.stk-6c5aab5 .stk-img-wrapper{width:100% !important;height:521px !important}<\/style><figure><span class=\"stk-img-wrapper stk-image--shape-stretch\"><img loading=\"lazy\" decoding=\"async\" class=\"stk-img wp-image-746\" src=\"http:\/\/ventequim.com\/wp-content\/uploads\/2024\/01\/pexels-pixabay-209251.jpg\" width=\"1966\" height=\"1313\" srcset=\"https:\/\/ventequim.com\/wp-content\/uploads\/2024\/01\/pexels-pixabay-209251.jpg 1966w, https:\/\/ventequim.com\/wp-content\/uploads\/2024\/01\/pexels-pixabay-209251-300x200.jpg 300w, https:\/\/ventequim.com\/wp-content\/uploads\/2024\/01\/pexels-pixabay-209251-1024x684.jpg 1024w, https:\/\/ventequim.com\/wp-content\/uploads\/2024\/01\/pexels-pixabay-209251-768x513.jpg 768w, https:\/\/ventequim.com\/wp-content\/uploads\/2024\/01\/pexels-pixabay-209251-1536x1026.jpg 1536w\" sizes=\"(max-width: 1966px) 100vw, 1966px\" \/><\/span><\/figure><\/div>\n<\/div><\/div><\/div>\n\n\n\n<div class=\"wp-block-stackable-column stk-block-column stk-column stk-block stk-fb8865e\" data-v=\"4\" data-block-id=\"fb8865e\"><style>.stk-fb8865e-container{margin-top:0px !important;margin-right:0px !important;margin-bottom:0px !important;margin-left:0px !important}@media screen and (min-width:768px){.stk-fb8865e{flex:1 1 calc(55% - var(--stk-column-gap,0px) * 1 \/ 2 ) !important}}@media screen and (min-width:768px) and (max-width:1023px){.stk-fb8865e{flex:0 1 calc(60% - var(--stk-column-gap,0px) * 1 \/ 2 ) !important}}<\/style><div class=\"stk-column-wrapper stk-block-column__content stk-container stk-fb8865e-container stk--no-background stk--no-padding\"><div class=\"has-text-align-center-mobile stk-block-content stk-inner-blocks stk-fb8865e-inner-blocks\">\n<div class=\"wp-block-stackable-heading stk-block-heading stk-block-heading--v2 stk-block stk-4ead935\" id=\"valores\" data-block-id=\"4ead935\"><style>.stk-4ead935{margin-bottom:20px !important}.stk-4ead935 .stk-block-heading__text{font-size:25px !important;color:#1d52ff !important;font-weight:600 !important;font-family:\"Hedvig Letters Sans\",Sans-serif !important}@media screen and (max-width:1023px){.stk-4ead935 .stk-block-heading__text{font-size:25px !important}}<\/style><h2 class=\"stk-block-heading__text has-text-color stk-block-heading--use-theme-margins\">Valores<\/h2><\/div>\n\n\n\n<div class=\"wp-block-stackable-divider stk-block-divider has-text-align-left has-text-align-center-mobile stk-block stk-c5b9e13 is-style-bar\" data-block-id=\"c5b9e13\"><style>.stk-c5b9e13{margin-bottom:30px !important}.stk-c5b9e13 hr.stk-block-divider__hr{background:#ff1300 !important;border-radius:calc(3px \/ 2) !important;height:3px !important;width:10% !important}<\/style><hr class=\"stk-block-divider__hr\"\/><\/div>\n\n\n\n<div class=\"wp-block-stackable-columns stk-block-columns stk-block stk-84cd38e\" data-block-id=\"84cd38e\"><style>.stk-84cd38e-column{--stk-column-gap:30px !important;row-gap:30px !important}<\/style><div class=\"stk-row stk-inner-blocks stk-block-content stk-content-align stk-84cd38e-column\">\n<div class=\"wp-block-stackable-column stk-block-column stk-column stk-block stk-673b59e\" data-v=\"4\" data-block-id=\"673b59e\"><style>.stk-673b59e-container{margin-top:0px !important;margin-right:0px !important;margin-bottom:0px !important;margin-left:0px !important}<\/style><div class=\"stk-column-wrapper stk-block-column__content stk-container stk-673b59e-container stk--no-background stk--no-padding\"><div class=\"stk-block-content stk-inner-blocks stk-673b59e-inner-blocks\">\n<div class=\"wp-block-stackable-heading stk-block-heading stk-block-heading--v2 stk-block stk-cb9821c\" id=\"calidad\" data-block-id=\"cb9821c\"><style>.stk-cb9821c{margin-bottom:10px !important}.stk-cb9821c .stk-block-heading__text{font-size:20px !important;color:#1d52ff !important;font-family:\"Hedvig Letters Sans\",Sans-serif !important}@media screen and (max-width:1023px){.stk-cb9821c .stk-block-heading__text{font-size:20px !important}}<\/style><h3 class=\"stk-block-heading__text has-text-color\">Calidad<\/h3><\/div>\n\n\n\n<div class=\"wp-block-stackable-text stk-block-text stk-block stk-4c6e287\" data-block-id=\"4c6e287\"><style>.stk-4c6e287{margin-bottom:30px !important}.stk-4c6e287 .stk-block-text__text{color:#001a71 !important;font-family:\"Hedvig Letters Sans\",Sans-serif !important}<\/style><p class=\"stk-block-text__text has-text-color\">Nos comprometemos a ofrecer productos qu\u00edmicos que cumplan con los m\u00e1s altos est\u00e1ndares de calidad y seguridad, as\u00ed como con las normativas vigentes.<\/p><\/div>\n\n\n\n<div class=\"wp-block-stackable-heading stk-block-heading stk-block-heading--v2 stk-block stk-55258a6\" id=\"innovacion\" data-block-id=\"55258a6\"><style>.stk-55258a6{margin-bottom:10px !important}.stk-55258a6 .stk-block-heading__text{font-size:20px !important;color:#1d52ff !important;font-family:\"Hedvig Letters Sans\",Sans-serif !important}@media screen and (max-width:1023px){.stk-55258a6 .stk-block-heading__text{font-size:20px !important}}<\/style><h3 class=\"stk-block-heading__text has-text-color\">Innovaci\u00f3n<\/h3><\/div>\n\n\n\n<div class=\"wp-block-stackable-text stk-block-text stk-block stk-c23c292\" id=\"molestie\" data-block-id=\"c23c292\"><style>.stk-c23c292 .stk-block-text__text{color:#001a71 !important;font-family:\"Hedvig Letters Sans\",Sans-serif !important}<\/style><p class=\"stk-block-text__text has-text-color\">Buscamos constantemente nuevas formas de mejorar nuestros productos, servicios y procesos, adapt\u00e1ndonos a las necesidades y expectativas del mercado.<\/p><\/div>\n<\/div><\/div><\/div>\n\n\n\n<div class=\"wp-block-stackable-column stk-block-column stk-column stk-block stk-ea81aec\" data-v=\"4\" data-block-id=\"ea81aec\"><style>.stk-ea81aec-container{margin-top:0px !important;margin-right:0px !important;margin-bottom:0px !important;margin-left:0px !important}<\/style><div class=\"stk-column-wrapper stk-block-column__content stk-container stk-ea81aec-container stk--no-background stk--no-padding\"><div class=\"stk-block-content stk-inner-blocks stk-ea81aec-inner-blocks\">\n<div class=\"wp-block-stackable-heading stk-block-heading stk-block-heading--v2 stk-block stk-b6ac611\" id=\"confianza\" data-block-id=\"b6ac611\"><style>.stk-b6ac611{margin-bottom:10px !important}.stk-b6ac611 .stk-block-heading__text{font-size:20px !important;color:#1d52ff !important;font-family:\"Hedvig Letters Sans\",Sans-serif !important}@media screen and (max-width:1023px){.stk-b6ac611 .stk-block-heading__text{font-size:20px !important}}<\/style><h3 class=\"stk-block-heading__text has-text-color\">Confianza<\/h3><\/div>\n\n\n\n<div class=\"wp-block-stackable-text stk-block-text stk-block stk-117410e\" data-block-id=\"117410e\"><style>.stk-117410e{margin-bottom:55px !important}.stk-117410e .stk-block-text__text{color:#001a71 !important;font-family:\"Hedvig Letters Sans\",Sans-serif !important}<\/style><p class=\"stk-block-text__text has-text-color\">Generamos confianza en nuestros clientes, proveedores y colaboradores, basada en la transparencia, la honestidad y el respeto mutuo.<\/p><\/div>\n\n\n\n<div class=\"wp-block-stackable-heading stk-block-heading stk-block-heading--v2 stk-block stk-220e5eb\" id=\"responsabilidad\" data-block-id=\"220e5eb\"><style>.stk-220e5eb{margin-bottom:10px !important}.stk-220e5eb .stk-block-heading__text{font-size:20px !important;color:#1d52ff !important;font-family:\"Hedvig Letters Sans\",Sans-serif !important}@media screen and (max-width:1023px){.stk-220e5eb .stk-block-heading__text{font-size:20px !important}}<\/style><h3 class=\"stk-block-heading__text has-text-color\">Responsabilidad<\/h3><\/div>\n\n\n\n<div class=\"wp-block-stackable-text stk-block-text stk-block stk-e834a70\" id=\"molestie\" data-block-id=\"e834a70\"><style>.stk-e834a70 .stk-block-text__text{color:#001a71 !important;font-family:\"Hedvig Letters Sans\",Sans-serif !important}<\/style><p class=\"stk-block-text__text has-text-color\">Somos responsables con nuestro entorno social y ambiental, minimizando el impacto negativo de nuestra actividad y contribuyendo al desarrollo sostenible.<\/p><\/div>\n<\/div><\/div><\/div>\n<\/div><\/div>\n<\/div><\/div><\/div>\n<\/div><\/div>\n\n\n\n<div class=\"wp-block-stackable-spacer stk-block-spacer stk--no-padding stk-block stk-8b0b25e\" data-block-id=\"8b0b25e\"><style>.stk-8b0b25e{height:130px !important}@media screen and (max-width:1023px){.stk-8b0b25e{height:70px !important}}<\/style><\/div>\n\n\n\n<div class=\"wp-block-stackable-columns stk-block-columns stk-block stk-30b6a6a\" data-block-id=\"30b6a6a\"><style>.stk-30b6a6a .stk--block-align-30b6a6a{align-items:center !important}.stk-30b6a6a{margin-bottom:0px !important}.stk-30b6a6a-column{--stk-column-gap:80px !important;row-gap:80px !important}<\/style><div class=\"stk-row stk-inner-blocks stk--block-align-30b6a6a stk-block-content stk-content-align stk-30b6a6a-column\">\n<div class=\"wp-block-stackable-column stk-block-column stk-column stk-block stk-7f5ced8\" data-v=\"4\" data-block-id=\"7f5ced8\"><style>.stk-7f5ced8-container{margin-top:0px !important;margin-right:0px !important;margin-bottom:0px !important;margin-left:0px !important}<\/style><div class=\"stk-column-wrapper stk-block-column__content stk-container stk-7f5ced8-container stk--no-background stk--no-padding\"><div class=\"has-text-align-center-tablet has-text-align-center-mobile stk-block-content stk-inner-blocks stk-7f5ced8-inner-blocks\"><\/div><\/div><\/div>\n<\/div><\/div>\n","protected":false},"excerpt":{"rendered":"<p>\u00bfQui\u00e9nes somos? Somos una empresa que distribuye productos qu\u00edmicos de alta calidad y confianza para diversos sectores como el cosm\u00e9tico, alimenticio, agroqu\u00edmico e industrial. Ofrecemos soluciones personalizadas y eficientes a las necesidades de nuestros clientes, con un servicio \u00e1gil, profesional y responsable. Visi\u00f3n Ser una empresa l\u00edder y referente en la distribuci\u00f3n de productos qu\u00edmicos [&hellip;]<\/p>\n","protected":false},"author":1,"featured_media":0,"parent":0,"menu_order":0,"comment_status":"closed","ping_status":"closed","template":"","meta":{"om_disable_all_campaigns":false,"_monsterinsights_skip_tracking":false,"_monsterinsights_sitenote_active":false,"_monsterinsights_sitenote_note":"","_monsterinsights_sitenote_category":0,"footnotes":""},"blocksy_meta":{"page_title_panel":"","has_hero_section":"disabled","fe1c64ab89945cda534f4bb2d579ae1a":"","hero_section":"type-1","hero_elements":[{"id":"custom_title","enabled":true,"heading_tag":"h1","title":"Home"},{"id":"custom_description","enabled":true,"description_visibility":{"desktop":true,"tablet":true,"mobile":false}},{"id":"custom_meta","enabled":false,"meta_elements":[{"id":"author","enabled":true,"label":"By","has_author_avatar":"yes","avatar_size":25},{"id":"post_date","enabled":true,"label":"On","date_format_source":"default","date_format":"M j, Y"},{"id":"updated_date","enabled":false,"label":"On","date_format_source":"default","date_format":"M j, Y"},{"id":"categories","enabled":false,"label":"In","style":"simple"},{"id":"comments","enabled":true}],"page_meta_elements":{"joined":true,"articles_count":true,"comments":true}},{"id":"breadcrumbs","enabled":false}],"433b02732bec8d55ec282f00a9a700eb":"","hero_alignment1":"CT_CSS_SKIP_RULE","hero_margin":40,"hero_alignment2":"center","hero_vertical_alignment":"center","fdbb34d69d6afe2394c07d96c9ea0b60":"","hero_structure":"narrow","cb306aece5e91b9a44875e4a81075440":"","page_title_bg_type":"featured_image","custom_hero_background":{"attachment_id":null},"page_title_image_size":"full","parallax":{"desktop":false,"tablet":false,"mobile":false},"034bc954f3c533bc75ffdf62670c8395":"","hero_height":"250px","pageTitleFont":{"family":"Default","variation":"Default","size":"30px","line-height":"CT_CSS_SKIP_RULE","letter-spacing":"CT_CSS_SKIP_RULE","text-transform":"CT_CSS_SKIP_RULE","text-decoration":"CT_CSS_SKIP_RULE"},"pageTitleFontColor":{"default":{"color":"CT_CSS_SKIP_RULEDEFAULT"}},"pageMetaFont":{"family":"Default","variation":"n6","size":"12px","line-height":"1.3","letter-spacing":"CT_CSS_SKIP_RULE","text-transform":"uppercase","text-decoration":"CT_CSS_SKIP_RULE"},"pageMetaFontColor":{"default":{"color":"CT_CSS_SKIP_RULEDEFAULT"},"hover":{"color":"CT_CSS_SKIP_RULEDEFAULT"}},"page_meta_button_type_font_colors":{"default":{"color":"CT_CSS_SKIP_RULEDEFAULT"},"hover":{"color":"CT_CSS_SKIP_RULEDEFAULT"}},"page_meta_button_type_background_colors":{"default":{"color":"CT_CSS_SKIP_RULEDEFAULT"},"hover":{"color":"CT_CSS_SKIP_RULEDEFAULT"}},"pageExcerptFont":{"family":"Default","variation":"Default","size":"CT_CSS_SKIP_RULE","line-height":"CT_CSS_SKIP_RULE","letter-spacing":"CT_CSS_SKIP_RULE","text-transform":"CT_CSS_SKIP_RULE","text-decoration":"CT_CSS_SKIP_RULE"},"pageExcerptColor":{"default":{"color":"CT_CSS_SKIP_RULEDEFAULT"}},"breadcrumbsFont":{"family":"Default","variation":"Default","size":"CT_CSS_SKIP_RULE","line-height":"CT_CSS_SKIP_RULE","letter-spacing":"CT_CSS_SKIP_RULE","text-transform":"CT_CSS_SKIP_RULE","text-decoration":"CT_CSS_SKIP_RULE"},"breadcrumbsFontColor":{"default":{"color":"CT_CSS_SKIP_RULEDEFAULT"},"initial":{"color":"CT_CSS_SKIP_RULEDEFAULT"},"hover":{"color":"CT_CSS_SKIP_RULEDEFAULT"}},"pageTitleOverlay":{"background_type":"color","background_pattern":"type-1","background_image":{"attachment_id":null,"x":0,"y":0},"gradient":"linear-gradient(135deg,rgba(6,147,227,1) 0%,rgb(155,81,224) 100%)","background_repeat":"repeat","background_size":"auto","background_attachment":"scroll","patternColor":{"default":{"color":"#e5e7ea"}},"overlayColor":{"default":{"color":"CT_CSS_SKIP_RULE"}},"backgroundColor":{"default":{"color":"CT_CSS_SKIP_RULE"}}},"pageTitleBackground":{"background_type":"color","background_pattern":"type-1","background_image":{"attachment_id":null,"x":0,"y":0},"gradient":"linear-gradient(135deg,rgba(6,147,227,1) 0%,rgb(155,81,224) 100%)","background_repeat":"repeat","background_size":"auto","background_attachment":"scroll","patternColor":{"default":{"color":"#e5e7ea"}},"overlayColor":{"default":{"color":"CT_CSS_SKIP_RULE"}},"backgroundColor":{"default":{"color":"var(--theme-palette-color-6)"}}},"pageTitlePadding":{"top":"50px","bottom":"50px","left":"auto","right":"auto","linked":true},"12e455f30de1d15aed0effbbb6f951bf":"","page_structure_type":"default","f474d2f3ad69b4e64f52dac0a3aa2bb2":"","content_style_source":"inherit","content_style":"wide","vertical_spacing_source":"custom","content_area_spacing":"none","background":{"background_type":"color","background_pattern":"type-1","background_image":{"attachment_id":null,"x":0,"y":0},"gradient":"linear-gradient(135deg,rgba(6,147,227,1) 0%,rgb(155,81,224) 100%)","background_repeat":"repeat","background_size":"auto","background_attachment":"scroll","patternColor":{"default":{"color":"#e5e7ea"}},"overlayColor":{"default":{"color":"CT_CSS_SKIP_RULE"}},"backgroundColor":{"default":{"color":"CT_CSS_SKIP_RULE"}}},"content_background":{"background_type":"color","background_pattern":"type-1","background_image":{"attachment_id":null,"x":0,"y":0},"gradient":"linear-gradient(135deg,rgba(6,147,227,1) 0%,rgb(155,81,224) 100%)","background_repeat":"repeat","background_size":"auto","background_attachment":"scroll","patternColor":{"default":{"color":"#e5e7ea"}},"overlayColor":{"default":{"color":"CT_CSS_SKIP_RULE"}},"backgroundColor":{"default":{"color":"var(--theme-palette-color-8)"}}},"content_boxed_shadow":{"inherit":false,"blur":18,"spread":-6,"v_offset":12,"h_offset":0,"inset":false,"enable":true,"color":{"color":"rgba(34, 56, 101, 0.04)"}},"content_boxed_border":{"width":1,"style":"none","color":{"color":"rgba(44,62,80,0.2)"}},"content_boxed_radius":{"top":"3px","bottom":"3px","left":"3px","right":"3px","linked":true},"boxed_content_spacing":{"desktop":{"top":"40px","bottom":"40px","left":"40px","right":"40px","linked":true},"tablet":{"top":"35px","bottom":"35px","left":"35px","right":"35px","linked":true},"mobile":{"top":"20px","bottom":"20px","left":"20px","right":"20px","linked":true}},"fca9f1d1c7aa58a4b21dd78357f6373e":"","disable_featured_image":"no","disable_share_box":"no","disable_header":"no","disable_footer":"no","styles_descriptor":{"styles":{"desktop":"","tablet":"","mobile":""},"google_fonts":[],"version":6}},"aioseo_notices":[],"featured_image_urls":{"full":"","thumbnail":"","medium":"","medium_large":"","large":"","1536x1536":"","2048x2048":""},"post_excerpt_stackable":"<p>\u00bfQui\u00e9nes somos? Somos una empresa que distribuye productos qu\u00edmicos de alta calidad y confianza para diversos sectores como el cosm\u00e9tico, alimenticio, agroqu\u00edmico e industrial. Ofrecemos soluciones personalizadas y eficientes a las necesidades de nuestros clientes, con un servicio \u00e1gil, profesional y responsable. Visi\u00f3n Ser una empresa l\u00edder y referente en la distribuci\u00f3n de productos qu\u00edmicos en el \u00e1mbito nacional e internacional, con una amplia cartera de clientes satisfechos. Desarrollar nuevos productos y servicios que aporten valor a\u00f1adido y soluciones innovadoras a los sectores que atendemos. Contribuir al desarrollo sostenible y al cuidado del medio ambiente con pr\u00e1cticas responsables y ecol\u00f3gicas.&hellip;<\/p>\n","category_list":"","author_info":{"name":"ventequim.com","url":"https:\/\/ventequim.com\/index.php\/author\/ventequim-com\/"},"comments_num":"0 comentarios","_links":{"self":[{"href":"https:\/\/ventequim.com\/index.php\/wp-json\/wp\/v2\/pages\/607"}],"collection":[{"href":"https:\/\/ventequim.com\/index.php\/wp-json\/wp\/v2\/pages"}],"about":[{"href":"https:\/\/ventequim.com\/index.php\/wp-json\/wp\/v2\/types\/page"}],"author":[{"embeddable":true,"href":"https:\/\/ventequim.com\/index.php\/wp-json\/wp\/v2\/users\/1"}],"replies":[{"embeddable":true,"href":"https:\/\/ventequim.com\/index.php\/wp-json\/wp\/v2\/comments?post=607"}],"version-history":[{"count":5,"href":"https:\/\/ventequim.com\/index.php\/wp-json\/wp\/v2\/pages\/607\/revisions"}],"predecessor-version":[{"id":780,"href":"https:\/\/ventequim.com\/index.php\/wp-json\/wp\/v2\/pages\/607\/revisions\/780"}],"wp:attachment":[{"href":"https:\/\/ventequim.com\/index.php\/wp-json\/wp\/v2\/media?parent=607"}],"curies":[{"name":"wp","href":"https:\/\/api.w.org\/{rel}","templated":true}]}}